{"id":3890,"date":"2024-01-11T11:40:26","date_gmt":"2024-01-11T17:40:26","guid":{"rendered":"https:\/\/uwm.edu\/dining\/?page_id=3890"},"modified":"2026-03-26T11:48:37","modified_gmt":"2026-03-26T16:48:37","slug":"residential-dining-plans","status":"publish","type":"page","link":"https:\/\/uwm.edu\/dining\/plans\/residential-dining-plans\/","title":{"rendered":"Residential Dining Plans"},"content":{"rendered":"\n<p class=\"lead-in\">The <strong>Residential Dining Plan<\/strong> is designed for students who live in the Residential Dining Halls.<\/p>\n\n\n\n<p>UWM has three Residence Halls for University Housing Students: Sandburg Hall, Cambridge Commons, and RiverView Hall. There are two Residential Dining Caf\u00e9s: one in Sandburg Hall, and one in Cambridge Commons.<\/p>\n\n\n\n<div class=\"uwm-p-card-grid uwm-l-grid uwm-l-grid--equal-y uwm-l-grid--2\">\n<div class=\"uwm-p-card uwm-u-mb-40 uwm-p-card--shadow uwm-p-card--white uwm-c-link--arrow\"><div class=\"uwm-p-card--body\"><div class=\"uwm-p-card--title\"><strong>Sandburg Hall<\/strong><\/div><div class=\"uwm-p-card--content\">3400 N Maryland Ave<\/div><a class=\"uwm-p-card--link\" href=\"https:\/\/uwm.edu\/dining\/options\/residential-dining-halls\/sandburg-cafe\/\">More about Sandburg Caf\u00e9<\/a><\/div><\/div>\n\n\n\n<div class=\"uwm-p-card uwm-u-mb-40 uwm-p-card--shadow uwm-p-card--white uwm-c-link--arrow\"><div class=\"uwm-p-card--body\"><div class=\"uwm-p-card--title\"><strong>Cambridge Commons<\/strong><\/div><div class=\"uwm-p-card--content\">2323 N Cambridge Ave<\/div><a class=\"uwm-p-card--link\" href=\"https:\/\/uwm.edu\/dining\/options\/residential-dining-halls\/cambridge-cafe\/\">More about Cambridge Caf\u00e9<\/a><\/div><\/div>\n<\/div>\n\n\n\n<p class=\"default\">UWM operates on a \u201cswipe\u201d meal plan system. One swipe of a residential student\u2019s Panther Card ID allows for entry into any Residential Dining Caf\u00e9 (Sandburg Caf\u00e9 or Cambridge Caf\u00e9). Students can take as much or as little food as they like with each swipe.<\/p>\n\n\n\n<p class=\"default\">Meal swipes can be used as desired by students throughout the semester, at any time the Residential Dining Caf\u00e9s are open.&nbsp;<\/p>\n\n\n\n<p class=\"default\"><strong>All University Housing Students are required to be on a Residential Dining Plan.<\/strong><\/p>\n\n\n\n<h2 class=\"wp-block-heading\" id=\"h-2025-2026-dining-plan-rates\">2025 &#8211; 2026 Dining Plan Rates<\/h2>\n\n\n\n<div class=\"uwm-p-card-grid uwm-l-grid uwm-l-grid--equal-y uwm-l-grid--3\">\n<div class=\"uwm-p-card uwm-u-mb-40 uwm-p-card--shadow uwm-p-card--gold\"><div class=\"uwm-p-card--body\"><div class=\"uwm-p-card--title\">The &#8220;225&#8221; \u00b9<\/div><div class=\"uwm-p-card--subtitle\">$2,270 per semester<\/div><div class=\"uwm-p-card--content\">This plan meets the needs of most residential students. One swipe allows students entry into the Residential Dining Hall for one meal.<br><br><br><br><em>Includes:<\/em><br>225 Meal Swipes per semester \u00b3<br>7 Dining Guest Meals per semester<br>200 Dining Dollars per semester<br><\/div><\/div><\/div>\n\n\n\n<div class=\"uwm-p-card uwm-u-mb-40 uwm-p-card--shadow uwm-p-card--gold\"><div class=\"uwm-p-card--body\"><div class=\"uwm-p-card--title\">The \u201c4-a-Day\u201d<\/div><div class=\"uwm-p-card--subtitle\">$2,550 per semester<\/div><div class=\"uwm-p-card--content\">This plan meets the needs of residential students requiring a higher daily caloric load. One swipe allows students entry into the Residential Dining Hall for one meal.<br><br><br><em>Includes:<\/em><br>4 Meal Swipes per day (per semester)<br>10 Dining Guest Meals per semester<br>300 Dining Dollars per semester<\/div><\/div><\/div>\n\n\n\n<div class=\"uwm-p-card uwm-u-mb-40 uwm-p-card--shadow uwm-p-card--gold\"><div class=\"uwm-p-card--body\"><div class=\"uwm-p-card--title\">The \u201cSupplemental\u201d \u00b2<\/div><div class=\"uwm-p-card--subtitle\">$1,398 per semester<\/div><div class=\"uwm-p-card--content\">This plan is suited for residential students who like to cook their own meals but also want the flexibility to occasionally get food from the Residential Dining Caf\u00e9s. One swipe allows students entry into the Residential Dining Hall for one meal.<br><br><em>Includes:<\/em><br>110 Meal Swipes per semester \u00b3<br>3 Dining Guest Meals per semester<br>100 Dining Dollars per semester<\/div><\/div><\/div>\n<\/div>\n\n\n\n<p class=\"size-p-md\">\u00b9 <em>If a University Housing Student does not choose a Residential Meal Plan, they will default to the \u201c225\u201d plan.<\/em><\/p>\n\n\n\n<p class=\"size-p-md\"><em>\u00b2 The \u201cSupplemental\u201d plan is only available to students who reside in Sandburg Hall East Tower, Cambridge Commons\u2019 Upgraded Suites, or RiverView Hall.<\/em><\/p>\n\n\n\n<p class=\"size-p-md\">\u00b3 <em><em>Additional meal swipes will be available for purchase.<\/em><\/em><\/p>\n\n\n\n<h2 class=\"wp-block-heading\" id=\"h-dining-guest-meals\">Dining <strong>Guest Meals <\/strong><\/h2>\n\n\n\n<p>Enjoy a meal with family and friends at one of the Residential Dining Caf\u00e9s by using a<strong>&nbsp;Dining Guest Meal<\/strong>!<\/p>\n\n\n\n<ul class=\"wp-block-list\">\n<li>Dining Guest Meals allow residential students to invite their UWM Housing-approved guest(s) into the Residential Dining Halls.<\/li>\n\n\n\n<li>Dining Guest Meals are distributed to every student that has a Residential Dining Plan. The amount received is determined by the Dining Plan selected. Additional Dining Guest Meals can be purchased individually via the Panther Card Office.<\/li>\n\n\n\n<li>All Dining Guest Meals must be purchased prior to the guest\u2019s arrival and are to be redeemed at the site of entry into the Dining Hall.<\/li>\n\n\n\n<li>Dining Guest Meals are separate from Housing Guest Passes. Information on Housing Guest Passes is available on the <a href=\"https:\/\/uwm.edu\/housing\/amenities\/guests\/\">UWM Housing page<\/a>.<\/li>\n<\/ul>\n\n\n\n<h2 class=\"wp-block-heading\" id=\"h-dining-dollars\"><strong>Dining Dollars<\/strong><\/h2>\n\n\n\n<p><strong>Dining Dollars<\/strong> are funds used to make purchases at <a href=\"https:\/\/uwm.edu\/dining\/options\/#h-retail-dining\">on-campus food outlets<\/a>, restaurants, Grind coffee shops, and <a href=\"https:\/\/uwm.edu\/retailservices\/panthercard\/#useat\" target=\"_blank\" rel=\"noreferrer noopener\">Taste MKE locations<\/a>.\u00b3 All residential students will have a <a href=\"https:\/\/uwm.edu\/dining\/plans\/non-residential-dining-plans\/\">Flex Dining<\/a> account set up for them automatically, with a Dining Dollar balance determined by the Dining Plan they selected.<a id=\"_msocom_1\"><\/a><\/p>\n\n\n\n<p>By using Dining Dollars, students receive tax-free purchasing and a 5% discount, for a total savings of 13.4% (at on-campus locations only).<\/p>\n\n\n\n<p>Students can check their Dining Dollar balance on the UWM GET Mobile App or <a href=\"https:\/\/get.cbord.com\/uwmilwaukee\/full\/prelogin.php\" target=\"_blank\" rel=\"noreferrer noopener\">webpage<\/a>.<\/p>\n\n\n\n<p>Dining Dollars can be used by swiping your Panther Card ID or scanning the barcode in the UWM GET Mobile App. The App is optional\u2014you do not need it to use Dining Dollars.<\/p>\n\n\n\n<p>Dining Dollars are <strong>separate<\/strong> from the Residential Dining Plan and can only be used for food and non-alcoholic beverage purchases.<\/p>\n\n\n\n<p class=\"size-p-md\"><em>\u00b3 Flex\/Dining Dollar accounts are already active on all Residential Dining Plans. Food and non-alcoholic beverages bought by students from a University of Wisconsin \u2013 Milwaukee food outlet(s) are eligible for exemption from WI\/Milwaukee sales tax (rate as of Aug.\/2026). A flat fee of $2 will be charged by the UWM GET Mobile app.<\/em><\/p>\n","protected":false},"excerpt":{"rendered":"<p>The Residential Dining Plan is designed for students who live in the Residential Dining Halls. UWM has three Residence Halls for University Housing Students: Sandburg Hall, Cambridge Commons, and RiverView Hall. There are two Residential Dining Caf\u00e9s: one in Sandburg &hellip;<\/p>\n","protected":false},"author":40,"featured_media":0,"parent":82,"menu_order":1,"comment_status":"closed","ping_status":"closed","template":"templates\/centered.php","meta":{"_acf_changed":false,"footnotes":"","uwm_wg_additional_authors":[39779,37785,20189]},"class_list":["post-3890","page","type-page","status-publish","hentry"],"yoast_head":"<!-- This site is optimized with the Yoast SEO Premium plugin v27.2 (Yoast SEO v27.2) - https:\/\/yoast.com\/product\/yoast-seo-premium-wordpress\/ -->\n<title>Dining<\/title>\n<meta name=\"description\" content=\"UWM residential dining plans provide convenient, flexible meal options for students living in campus housing.\" \/>\n<meta name=\"robots\" content=\"index, follow, max-snippet:-1, max-image-preview:large, max-video-preview:-1\" \/>\n<link rel=\"canonical\" href=\"https:\/\/uwm.edu\/dining\/plans\/residential-dining-plans\/\" \/>\n<meta property=\"og:locale\" content=\"en_US\" \/>\n<meta property=\"og:type\" content=\"article\" \/>\n<meta property=\"og:title\" content=\"Residential Dining Plans\" \/>\n<meta property=\"og:description\" content=\"UWM residential dining plans provide convenient, flexible meal options for students living in campus housing.\" \/>\n<meta property=\"og:url\" content=\"https:\/\/uwm.edu\/dining\/plans\/residential-dining-plans\/\" \/>\n<meta property=\"og:site_name\" content=\"Dining\" \/>\n<meta property=\"article:modified_time\" content=\"2026-03-26T16:48:37+00:00\" \/>\n<meta name=\"twitter:card\" content=\"summary_large_image\" \/>\n<meta name=\"twitter:label1\" content=\"Est. reading time\" \/>\n\t<meta name=\"twitter:data1\" content=\"3 minutes\" \/>\n<script type=\"application\/ld+json\" class=\"yoast-schema-graph\">{\"@context\":\"https:\/\/schema.org\",\"@graph\":[{\"@type\":\"WebPage\",\"@id\":\"https:\/\/uwm.edu\/dining\/plans\/residential-dining-plans\/\",\"url\":\"https:\/\/uwm.edu\/dining\/plans\/residential-dining-plans\/\",\"name\":\"Residential Dining Plans - Dining\",\"isPartOf\":{\"@id\":\"https:\/\/uwm.edu\/dining\/#website\"},\"datePublished\":\"2024-01-11T17:40:26+00:00\",\"dateModified\":\"2026-03-26T16:48:37+00:00\",\"description\":\"UWM residential dining plans provide convenient, flexible meal options for students living in campus housing.\",\"breadcrumb\":{\"@id\":\"https:\/\/uwm.edu\/dining\/plans\/residential-dining-plans\/#breadcrumb\"},\"inLanguage\":\"en-US\",\"potentialAction\":[{\"@type\":\"ReadAction\",\"target\":[\"https:\/\/uwm.edu\/dining\/plans\/residential-dining-plans\/\"]}]},{\"@type\":\"BreadcrumbList\",\"@id\":\"https:\/\/uwm.edu\/dining\/plans\/residential-dining-plans\/#breadcrumb\",\"itemListElement\":[{\"@type\":\"ListItem\",\"position\":1,\"name\":\"Home\",\"item\":\"https:\/\/uwm.edu\/dining\/\"},{\"@type\":\"ListItem\",\"position\":2,\"name\":\"Dining Plans\",\"item\":\"https:\/\/uwm.edu\/dining\/plans\/\"},{\"@type\":\"ListItem\",\"position\":3,\"name\":\"Residential Dining Plans\"}]},{\"@type\":\"WebSite\",\"@id\":\"https:\/\/uwm.edu\/dining\/#website\",\"url\":\"https:\/\/uwm.edu\/dining\/\",\"name\":\"Dining\",\"description\":\"\",\"publisher\":{\"@id\":\"https:\/\/uwm.edu\/dining\/#organization\"},\"potentialAction\":[{\"@type\":\"SearchAction\",\"target\":{\"@type\":\"EntryPoint\",\"urlTemplate\":\"https:\/\/uwm.edu\/dining\/?s={search_term_string}\"},\"query-input\":{\"@type\":\"PropertyValueSpecification\",\"valueRequired\":true,\"valueName\":\"search_term_string\"}}],\"inLanguage\":\"en-US\"},{\"@type\":\"Organization\",\"@id\":\"https:\/\/uwm.edu\/dining\/#organization\",\"name\":\"University of Wisconsin - Milwaukee\",\"url\":\"https:\/\/uwm.edu\/dining\/\",\"logo\":{\"@type\":\"ImageObject\",\"inLanguage\":\"en-US\",\"@id\":\"https:\/\/uwm.edu\/dining\/#\/schema\/logo\/image\/\",\"url\":\"https:\/\/uwm.edu\/0template-webid2\/wp-content\/uploads\/sites\/541\/2020\/11\/uwm-seo-logo.jpg\",\"contentUrl\":\"https:\/\/uwm.edu\/0template-webid2\/wp-content\/uploads\/sites\/541\/2020\/11\/uwm-seo-logo.jpg\",\"width\":225,\"height\":224,\"caption\":\"University of Wisconsin - Milwaukee\"},\"image\":{\"@id\":\"https:\/\/uwm.edu\/dining\/#\/schema\/logo\/image\/\"}}]}<\/script>\n<!-- \/ Yoast SEO Premium plugin. -->","yoast_head_json":{"title":"Dining","description":"UWM residential dining plans provide convenient, flexible meal options for students living in campus housing.","robots":{"index":"index","follow":"follow","max-snippet":"max-snippet:-1","max-image-preview":"max-image-preview:large","max-video-preview":"max-video-preview:-1"},"canonical":"https:\/\/uwm.edu\/dining\/plans\/residential-dining-plans\/","og_locale":"en_US","og_type":"article","og_title":"Residential Dining Plans","og_description":"UWM residential dining plans provide convenient, flexible meal options for students living in campus housing.","og_url":"https:\/\/uwm.edu\/dining\/plans\/residential-dining-plans\/","og_site_name":"Dining","article_modified_time":"2026-03-26T16:48:37+00:00","twitter_card":"summary_large_image","twitter_misc":{"Est. reading time":"3 minutes"},"schema":{"@context":"https:\/\/schema.org","@graph":[{"@type":"WebPage","@id":"https:\/\/uwm.edu\/dining\/plans\/residential-dining-plans\/","url":"https:\/\/uwm.edu\/dining\/plans\/residential-dining-plans\/","name":"Residential Dining Plans - Dining","isPartOf":{"@id":"https:\/\/uwm.edu\/dining\/#website"},"datePublished":"2024-01-11T17:40:26+00:00","dateModified":"2026-03-26T16:48:37+00:00","description":"UWM residential dining plans provide convenient, flexible meal options for students living in campus housing.","breadcrumb":{"@id":"https:\/\/uwm.edu\/dining\/plans\/residential-dining-plans\/#breadcrumb"},"inLanguage":"en-US","potentialAction":[{"@type":"ReadAction","target":["https:\/\/uwm.edu\/dining\/plans\/residential-dining-plans\/"]}]},{"@type":"BreadcrumbList","@id":"https:\/\/uwm.edu\/dining\/plans\/residential-dining-plans\/#breadcrumb","itemListElement":[{"@type":"ListItem","position":1,"name":"Home","item":"https:\/\/uwm.edu\/dining\/"},{"@type":"ListItem","position":2,"name":"Dining Plans","item":"https:\/\/uwm.edu\/dining\/plans\/"},{"@type":"ListItem","position":3,"name":"Residential Dining Plans"}]},{"@type":"WebSite","@id":"https:\/\/uwm.edu\/dining\/#website","url":"https:\/\/uwm.edu\/dining\/","name":"Dining","description":"","publisher":{"@id":"https:\/\/uwm.edu\/dining\/#organization"},"potentialAction":[{"@type":"SearchAction","target":{"@type":"EntryPoint","urlTemplate":"https:\/\/uwm.edu\/dining\/?s={search_term_string}"},"query-input":{"@type":"PropertyValueSpecification","valueRequired":true,"valueName":"search_term_string"}}],"inLanguage":"en-US"},{"@type":"Organization","@id":"https:\/\/uwm.edu\/dining\/#organization","name":"University of Wisconsin - Milwaukee","url":"https:\/\/uwm.edu\/dining\/","logo":{"@type":"ImageObject","inLanguage":"en-US","@id":"https:\/\/uwm.edu\/dining\/#\/schema\/logo\/image\/","url":"https:\/\/uwm.edu\/0template-webid2\/wp-content\/uploads\/sites\/541\/2020\/11\/uwm-seo-logo.jpg","contentUrl":"https:\/\/uwm.edu\/0template-webid2\/wp-content\/uploads\/sites\/541\/2020\/11\/uwm-seo-logo.jpg","width":225,"height":224,"caption":"University of Wisconsin - Milwaukee"},"image":{"@id":"https:\/\/uwm.edu\/dining\/#\/schema\/logo\/image\/"}}]}},"acf":[],"_links":{"self":[{"href":"https:\/\/uwm.edu\/dining\/wp-json\/wp\/v2\/pages\/3890","targetHints":{"allow":["GET"]}}],"collection":[{"href":"https:\/\/uwm.edu\/dining\/wp-json\/wp\/v2\/pages"}],"about":[{"href":"https:\/\/uwm.edu\/dining\/wp-json\/wp\/v2\/types\/page"}],"author":[{"embeddable":true,"href":"https:\/\/uwm.edu\/dining\/wp-json\/wp\/v2\/users\/40"}],"replies":[{"embeddable":true,"href":"https:\/\/uwm.edu\/dining\/wp-json\/wp\/v2\/comments?post=3890"}],"version-history":[{"count":24,"href":"https:\/\/uwm.edu\/dining\/wp-json\/wp\/v2\/pages\/3890\/revisions"}],"predecessor-version":[{"id":12722,"href":"https:\/\/uwm.edu\/dining\/wp-json\/wp\/v2\/pages\/3890\/revisions\/12722"}],"up":[{"embeddable":true,"href":"https:\/\/uwm.edu\/dining\/wp-json\/wp\/v2\/pages\/82"}],"wp:attachment":[{"href":"https:\/\/uwm.edu\/dining\/wp-json\/wp\/v2\/media?parent=3890"}],"curies":[{"name":"wp","href":"https:\/\/api.w.org\/{rel}","templated":true}]}}