{"id":5182,"date":"2024-02-22T14:22:12","date_gmt":"2024-02-22T20:22:12","guid":{"rendered":"https:\/\/uwm.edu\/creamcityreview\/?page_id=5182"},"modified":"2026-01-08T16:14:18","modified_gmt":"2026-01-08T22:14:18","slug":"47-1-spring-summer-2023","status":"publish","type":"page","link":"https:\/\/uwm.edu\/creamcityreview\/47-1-spring-summer-2023\/","title":{"rendered":"47.1 Spring\/Summer 2023"},"content":{"rendered":"<p>[et_pb_section bb_built=&#8221;1&#8243;][et_pb_row][et_pb_column type=&#8221;1_2&#8243;][et_pb_tabs _builder_version=&#8221;3.17.2&#8243;][et_pb_tab _builder_version=&#8221;3.17.2&#8243; title=&#8221;Poetry&#8221; link_option_url_new_window=&#8221;off&#8221; use_background_color_gradient=&#8221;off&#8221; background_color_gradient_start=&#8221;#2b87da&#8221; background_color_gradient_end=&#8221;#29c4a9&#8243; background_color_gradient_type=&#8221;linear&#8221; background_color_gradient_direction=&#8221;180deg&#8221; background_color_gradient_direction_radial=&#8221;center&#8221; background_color_gradient_start_position=&#8221;0%&#8221; background_color_gradient_end_position=&#8221;100%&#8221; background_color_gradient_overlays_image=&#8221;off&#8221; parallax=&#8221;off&#8221; parallax_method=&#8221;on&#8221; background_size=&#8221;cover&#8221; background_position=&#8221;center&#8221; background_repeat=&#8221;no-repeat&#8221; background_blend=&#8221;normal&#8221; allow_player_pause=&#8221;off&#8221; background_video_pause_outside_viewport=&#8221;on&#8221; tab_text_shadow_style=&#8221;none&#8221; body_text_shadow_style=&#8221;none&#8221; hover_transition_duration=&#8221;300ms&#8221; hover_transition_delay=&#8221;0ms&#8221; hover_transition_speed_curve=&#8221;ease&#8221; tab_text_shadow_horizontal_length=&#8221;0em&#8221; tab_text_shadow_vertical_length=&#8221;0em&#8221; tab_text_shadow_blur_strength=&#8221;0em&#8221; body_text_shadow_horizontal_length=&#8221;0em&#8221; body_text_shadow_vertical_length=&#8221;0em&#8221; body_text_shadow_blur_strength=&#8221;0em&#8221;]<\/p>\n<p><strong>Sean Cho A.<\/strong> &#8211; Abandoned Love Sonnet #4; Kinda Sonnet #4<\/p>\n<p><strong>Dezire\u00e9 a. brown<\/strong> &#8211; yes, the water is still brown; record 10309.; bloom<\/p>\n<p><strong>Stephanie Choi<\/strong> &#8211; Late Summer<\/p>\n<p><strong>Adam Clay<\/strong> &#8211; Some Mood<\/p>\n<p><strong>Andrew Collard<\/strong> &#8211; Montage with Honda and Squall<\/p>\n<p><strong>Nandini Dhar<\/strong> &#8211; Warscapes<\/p>\n<p><strong>William Fargason<\/strong> &#8211; Ode to the Pergola<\/p>\n<p><strong>Benjamin Faro<\/strong> &#8211; Island Fruits<\/p>\n<p><strong>Catherine Garbinsky<\/strong> &#8211; Magnolias at the End of the World<\/p>\n<p><strong>Caleb Jordan<\/strong> &#8211; from You&#8217;re Gonna Break My Heart<\/p>\n<p><strong>Ren\u00e9e Lepreau<\/strong> &#8211; Personals<\/p>\n<p><strong>Lisa Lewis<\/strong> &#8211; You Are Here; Tulsa Orthopedic Center<\/p>\n<p><strong>Alejandro Lucero<\/strong> &#8211; Portrait of My Dead Mother&#8217;s Nipples with Chemical Ash<\/p>\n<p><strong>Dors\u00eda Smith Silva<\/strong> &#8211; Ant\u00e9s\/Despu\u00e9s Hurac\u00e1n Mar\u00eda; Where Loss Begins at the Border<\/p>\n<p><strong>Tyler Starks<\/strong> &#8211; Amigo<\/p>\n<p><strong>Jessica Tanck<\/strong> &#8211; Darknet Classifieds<\/p>\n<p><strong>Matthew Tuckner<\/strong> &#8211; Objects, with Figurative Language<\/p>\n<p><strong>Sam Herschel Wein<\/strong> &#8211; Samuel by Sam<\/p>\n<p><strong>Jerry Xiao<\/strong> &#8211; Revolving Light<\/p>\n<p>[\/et_pb_tab][et_pb_tab _builder_version=&#8221;3.17.2&#8243; title=&#8221;Fiction&#8221; link_option_url_new_window=&#8221;off&#8221; use_background_color_gradient=&#8221;off&#8221; background_color_gradient_start=&#8221;#2b87da&#8221; background_color_gradient_end=&#8221;#29c4a9&#8243; background_color_gradient_type=&#8221;linear&#8221; background_color_gradient_direction=&#8221;180deg&#8221; background_color_gradient_direction_radial=&#8221;center&#8221; background_color_gradient_start_position=&#8221;0%&#8221; background_color_gradient_end_position=&#8221;100%&#8221; background_color_gradient_overlays_image=&#8221;off&#8221; parallax=&#8221;off&#8221; parallax_method=&#8221;on&#8221; background_size=&#8221;cover&#8221; background_position=&#8221;center&#8221; background_repeat=&#8221;no-repeat&#8221; background_blend=&#8221;normal&#8221; allow_player_pause=&#8221;off&#8221; background_video_pause_outside_viewport=&#8221;on&#8221; tab_text_shadow_style=&#8221;none&#8221; body_text_shadow_style=&#8221;none&#8221; hover_transition_duration=&#8221;300ms&#8221; hover_transition_delay=&#8221;0ms&#8221; hover_transition_speed_curve=&#8221;ease&#8221; tab_text_shadow_horizontal_length=&#8221;0em&#8221; tab_text_shadow_vertical_length=&#8221;0em&#8221; tab_text_shadow_blur_strength=&#8221;0em&#8221; body_text_shadow_horizontal_length=&#8221;0em&#8221; body_text_shadow_vertical_length=&#8221;0em&#8221; body_text_shadow_blur_strength=&#8221;0em&#8221;]<\/p>\n<p><strong>Andrew Bertaina<\/strong> &#8211; Language Games<\/p>\n<p><strong>Melissa Llanes Brownlee<\/strong> &#8211; Far, Far Away; may day is lei day in Hawai&#8217;i<\/p>\n<p><strong>Peggy Kyoungwon Lee<\/strong> &#8211; Girls<\/p>\n<p><strong>Wendy Oleson<\/strong> &#8211; Girl Codebreaker Watches Hitchcock&#8217;s <em>Rebecca<\/em><\/p>\n<p><strong>Laura Schmitt<\/strong> &#8211; Rando Fest<\/p>\n<p>[\/et_pb_tab][et_pb_tab _builder_version=&#8221;3.17.2&#8243; title=&#8221;Art&#8221; link_option_url_new_window=&#8221;off&#8221; use_background_color_gradient=&#8221;off&#8221; background_color_gradient_start=&#8221;#2b87da&#8221; background_color_gradient_end=&#8221;#29c4a9&#8243; background_color_gradient_type=&#8221;linear&#8221; background_color_gradient_direction=&#8221;180deg&#8221; background_color_gradient_direction_radial=&#8221;center&#8221; background_color_gradient_start_position=&#8221;0%&#8221; background_color_gradient_end_position=&#8221;100%&#8221; background_color_gradient_overlays_image=&#8221;off&#8221; parallax=&#8221;off&#8221; parallax_method=&#8221;on&#8221; background_size=&#8221;cover&#8221; background_position=&#8221;center&#8221; background_repeat=&#8221;no-repeat&#8221; background_blend=&#8221;normal&#8221; allow_player_pause=&#8221;off&#8221; background_video_pause_outside_viewport=&#8221;on&#8221; tab_text_shadow_style=&#8221;none&#8221; body_text_shadow_style=&#8221;none&#8221; hover_transition_duration=&#8221;300ms&#8221; hover_transition_delay=&#8221;0ms&#8221; hover_transition_speed_curve=&#8221;ease&#8221; tab_text_shadow_horizontal_length=&#8221;0em&#8221; tab_text_shadow_vertical_length=&#8221;0em&#8221; tab_text_shadow_blur_strength=&#8221;0em&#8221; body_text_shadow_horizontal_length=&#8221;0em&#8221; body_text_shadow_vertical_length=&#8221;0em&#8221; body_text_shadow_blur_strength=&#8221;0em&#8221;]<\/p>\n<p><strong>Shane Allison (cover)<\/strong> &#8211; Decollage<\/p>\n<p><strong>Josephine Florens<\/strong> &#8211; Tears<\/p>\n<p><strong>Arien Alana Reed<\/strong> &#8211; Them Fatale<\/p>\n<p><strong>Catherine Eaton Skinner<\/strong> &#8211; Remnants IV<\/p>\n<p><strong>Alana Solin<\/strong> &#8211; As Woman as Nowhere; Birds Reappearing When the Stars Dry Clear<\/p>\n<p><strong>Melissa Wang<\/strong> &#8211; Descent into the Multiverse; Life in Ruins<\/p>\n<p>[\/et_pb_tab][et_pb_tab _builder_version=&#8221;3.17.2&#8243; title=&#8221;Nonfiction&#8221; link_option_url_new_window=&#8221;off&#8221; use_background_color_gradient=&#8221;off&#8221; background_color_gradient_start=&#8221;#2b87da&#8221; background_color_gradient_end=&#8221;#29c4a9&#8243; background_color_gradient_type=&#8221;linear&#8221; background_color_gradient_direction=&#8221;180deg&#8221; background_color_gradient_direction_radial=&#8221;center&#8221; background_color_gradient_start_position=&#8221;0%&#8221; background_color_gradient_end_position=&#8221;100%&#8221; background_color_gradient_overlays_image=&#8221;off&#8221; parallax=&#8221;off&#8221; parallax_method=&#8221;on&#8221; background_size=&#8221;cover&#8221; background_position=&#8221;center&#8221; background_repeat=&#8221;no-repeat&#8221; background_blend=&#8221;normal&#8221; allow_player_pause=&#8221;off&#8221; background_video_pause_outside_viewport=&#8221;on&#8221; tab_text_shadow_style=&#8221;none&#8221; body_text_shadow_style=&#8221;none&#8221; hover_transition_duration=&#8221;300ms&#8221; hover_transition_delay=&#8221;0ms&#8221; hover_transition_speed_curve=&#8221;ease&#8221; tab_text_shadow_horizontal_length=&#8221;0em&#8221; tab_text_shadow_vertical_length=&#8221;0em&#8221; tab_text_shadow_blur_strength=&#8221;0em&#8221; body_text_shadow_horizontal_length=&#8221;0em&#8221; body_text_shadow_vertical_length=&#8221;0em&#8221; body_text_shadow_blur_strength=&#8221;0em&#8221;]<\/p>\n<p><strong>Katie Kopajtic<\/strong> &#8211; Heritage Fantasy<br \/>\n<strong> Heidi Lasher<\/strong> &#8211; Submerged<br \/>\n<strong> Julie Lunde<\/strong> &#8211; Document43.doc [Application to Be a River]<br \/>\n<strong> Kyoko Mori<\/strong> &#8211; Talking About Clothes<\/p>\n<p>[\/et_pb_tab][\/et_pb_tabs][\/et_pb_column][et_pb_column type=&#8221;1_2&#8243;][et_pb_text _builder_version=&#8221;3.17.2&#8243;]<\/p>\n<p><span style=\"font-size: large\"><strong><span style=\"font-family: inherit\">Past Issue\u00a0<\/span><\/strong><\/span><\/p>\n<p>[\/et_pb_text][et_pb_image _builder_version=&#8221;3.17.2&#8243; \/][et_pb_button _builder_version=&#8221;3.17.2&#8243; button_text=&#8221;Purchase&#8221; button_url=&#8221;https:\/\/uwm.edu\/creamcityreview\/subscriptions\/&#8221; button_alignment=&#8221;center&#8221; background_layout=&#8221;dark&#8221; custom_button=&#8221;on&#8221; \/][et_pb_text _builder_version=&#8221;3.17.2&#8243; text_text_shadow_blur_strength=&#8221;0.3em&#8221; text_orientation=&#8221;center&#8221;]<\/p>\n<p><span class=\"issue-prices-small\">$<\/span>7<span class=\"issue-prices-small\">US\u00a0<\/span><\/p>\n<p>[\/et_pb_text][\/et_pb_column][\/et_pb_row][\/et_pb_section]<\/p>\n","protected":false},"excerpt":{"rendered":"<p>[et_pb_section bb_built=&#8221;1&#8243;][et_pb_row][et_pb_column type=&#8221;1_2&#8243;][et_pb_tabs _builder_version=&#8221;3.17.2&#8243;][et_pb_tab _builder_version=&#8221;3.17.2&#8243; title=&#8221;Poetry&#8221; link_option_url_new_window=&#8221;off&#8221; use_background_color_gradient=&#8221;off&#8221; background_color_gradient_start=&#8221;#2b87da&#8221; background_color_gradient_end=&#8221;#29c4a9&#8243; background_color_gradient_type=&#8221;linear&#8221; background_color_gradient_direction=&#8221;180deg&#8221; background_color_gradient_direction_radial=&#8221;center&#8221; background_color_gradient_start_position=&#8221;0%&#8221; background_color_gradient_end_position=&#8221;100%&#8221; background_color_gradient_overlays_image=&#8221;off&#8221; parallax=&#8221;off&#8221; parallax_method=&#8221;on&#8221; background_size=&#8221;cover&#8221; background_position=&#8221;center&#8221; background_repeat=&#8221;no-repeat&#8221; background_blend=&#8221;normal&#8221; allow_player_pause=&#8221;off&#8221; background_video_pause_outside_viewport=&#8221;on&#8221; tab_text_shadow_style=&#8221;none&#8221; body_text_shadow_style=&#8221;none&#8221; hover_transition_duration=&#8221;300ms&#8221; hover_transition_delay=&#8221;0ms&#8221; hover_transition_speed_curve=&#8221;ease&#8221; tab_text_shadow_horizontal_length=&#8221;0em&#8221; tab_text_shadow_vertical_length=&#8221;0em&#8221; tab_text_shadow_blur_strength=&#8221;0em&#8221; body_text_shadow_horizontal_length=&#8221;0em&#8221; body_text_shadow_vertical_length=&#8221;0em&#8221; body_text_shadow_blur_strength=&#8221;0em&#8221;] Sean Cho A. &#8211; Abandoned Love Sonnet #4; Kinda Sonnet #4 Dezire\u00e9 a. brown &#8211; yes, the water is still [&hellip;]<\/p>\n","protected":false},"author":37709,"featured_media":0,"parent":0,"menu_order":0,"comment_status":"closed","ping_status":"closed","template":"","meta":{"_acf_changed":false,"footnotes":"","uwm_wg_additional_authors":[]},"class_list":["post-5182","page","type-page","status-publish","hentry"],"yoast_head":"<!-- This site is optimized with the Yoast SEO Premium plugin v27.2 (Yoast SEO v27.2) - https:\/\/yoast.com\/product\/yoast-seo-premium-wordpress\/ -->\n<title>47.1 Spring\/Summer 2023 - since &#039;75<\/title>\n<meta name=\"robots\" content=\"index, follow, max-snippet:-1, max-image-preview:large, max-video-preview:-1\" \/>\n<link rel=\"canonical\" href=\"https:\/\/uwm.edu\/creamcityreview\/47-1-spring-summer-2023\/\" \/>\n<meta property=\"og:locale\" content=\"en_US\" \/>\n<meta property=\"og:type\" content=\"article\" \/>\n<meta property=\"og:title\" content=\"47.1 Spring\/Summer 2023\" \/>\n<meta property=\"og:description\" content=\"[et_pb_section bb_built=&#8221;1&#8243;][et_pb_row][et_pb_column type=&#8221;1_2&#8243;][et_pb_tabs _builder_version=&#8221;3.17.2&#8243;][et_pb_tab _builder_version=&#8221;3.17.2&#8243; title=&#8221;Poetry&#8221; link_option_url_new_window=&#8221;off&#8221; use_background_color_gradient=&#8221;off&#8221; background_color_gradient_start=&#8221;#2b87da&#8221; background_color_gradient_end=&#8221;#29c4a9&#8243; background_color_gradient_type=&#8221;linear&#8221; background_color_gradient_direction=&#8221;180deg&#8221; background_color_gradient_direction_radial=&#8221;center&#8221; background_color_gradient_start_position=&#8221;0%&#8221; background_color_gradient_end_position=&#8221;100%&#8221; background_color_gradient_overlays_image=&#8221;off&#8221; parallax=&#8221;off&#8221; parallax_method=&#8221;on&#8221; background_size=&#8221;cover&#8221; background_position=&#8221;center&#8221; background_repeat=&#8221;no-repeat&#8221; background_blend=&#8221;normal&#8221; allow_player_pause=&#8221;off&#8221; background_video_pause_outside_viewport=&#8221;on&#8221; tab_text_shadow_style=&#8221;none&#8221; body_text_shadow_style=&#8221;none&#8221; hover_transition_duration=&#8221;300ms&#8221; hover_transition_delay=&#8221;0ms&#8221; hover_transition_speed_curve=&#8221;ease&#8221; tab_text_shadow_horizontal_length=&#8221;0em&#8221; tab_text_shadow_vertical_length=&#8221;0em&#8221; tab_text_shadow_blur_strength=&#8221;0em&#8221; body_text_shadow_horizontal_length=&#8221;0em&#8221; body_text_shadow_vertical_length=&#8221;0em&#8221; body_text_shadow_blur_strength=&#8221;0em&#8221;] Sean Cho A. &#8211; Abandoned Love Sonnet #4; Kinda Sonnet #4 Dezire\u00e9 a. brown &#8211; yes, the water is still [&hellip;]\" \/>\n<meta property=\"og:url\" content=\"https:\/\/uwm.edu\/creamcityreview\/47-1-spring-summer-2023\/\" \/>\n<meta property=\"og:site_name\" content=\"since &#039;75\" \/>\n<meta property=\"article:modified_time\" content=\"2026-01-08T22:14:18+00:00\" \/>\n<meta name=\"twitter:card\" content=\"summary_large_image\" \/>\n<meta name=\"twitter:label1\" content=\"Est. reading time\" \/>\n\t<meta name=\"twitter:data1\" content=\"5 minutes\" \/>\n<script type=\"application\/ld+json\" class=\"yoast-schema-graph\">{\"@context\":\"https:\/\/schema.org\",\"@graph\":[{\"@type\":\"WebPage\",\"@id\":\"https:\/\/uwm.edu\/creamcityreview\/47-1-spring-summer-2023\/\",\"url\":\"https:\/\/uwm.edu\/creamcityreview\/47-1-spring-summer-2023\/\",\"name\":\"47.1 Spring\/Summer 2023 - since &#039;75\",\"isPartOf\":{\"@id\":\"https:\/\/uwm.edu\/creamcityreview\/#website\"},\"datePublished\":\"2024-02-22T20:22:12+00:00\",\"dateModified\":\"2026-01-08T22:14:18+00:00\",\"breadcrumb\":{\"@id\":\"https:\/\/uwm.edu\/creamcityreview\/47-1-spring-summer-2023\/#breadcrumb\"},\"inLanguage\":\"en-US\",\"potentialAction\":[{\"@type\":\"ReadAction\",\"target\":[\"https:\/\/uwm.edu\/creamcityreview\/47-1-spring-summer-2023\/\"]}]},{\"@type\":\"BreadcrumbList\",\"@id\":\"https:\/\/uwm.edu\/creamcityreview\/47-1-spring-summer-2023\/#breadcrumb\",\"itemListElement\":[{\"@type\":\"ListItem\",\"position\":1,\"name\":\"Home\",\"item\":\"https:\/\/uwm.edu\/creamcityreview\/\"},{\"@type\":\"ListItem\",\"position\":2,\"name\":\"47.1 Spring\/Summer 2023\"}]},{\"@type\":\"WebSite\",\"@id\":\"https:\/\/uwm.edu\/creamcityreview\/#website\",\"url\":\"https:\/\/uwm.edu\/creamcityreview\/\",\"name\":\"since &#039;75\",\"description\":\"\",\"potentialAction\":[{\"@type\":\"SearchAction\",\"target\":{\"@type\":\"EntryPoint\",\"urlTemplate\":\"https:\/\/uwm.edu\/creamcityreview\/?s={search_term_string}\"},\"query-input\":{\"@type\":\"PropertyValueSpecification\",\"valueRequired\":true,\"valueName\":\"search_term_string\"}}],\"inLanguage\":\"en-US\"}]}<\/script>\n<!-- \/ Yoast SEO Premium plugin. -->","yoast_head_json":{"title":"47.1 Spring\/Summer 2023 - since &#039;75","robots":{"index":"index","follow":"follow","max-snippet":"max-snippet:-1","max-image-preview":"max-image-preview:large","max-video-preview":"max-video-preview:-1"},"canonical":"https:\/\/uwm.edu\/creamcityreview\/47-1-spring-summer-2023\/","og_locale":"en_US","og_type":"article","og_title":"47.1 Spring\/Summer 2023","og_description":"[et_pb_section bb_built=&#8221;1&#8243;][et_pb_row][et_pb_column type=&#8221;1_2&#8243;][et_pb_tabs _builder_version=&#8221;3.17.2&#8243;][et_pb_tab _builder_version=&#8221;3.17.2&#8243; title=&#8221;Poetry&#8221; link_option_url_new_window=&#8221;off&#8221; use_background_color_gradient=&#8221;off&#8221; background_color_gradient_start=&#8221;#2b87da&#8221; background_color_gradient_end=&#8221;#29c4a9&#8243; background_color_gradient_type=&#8221;linear&#8221; background_color_gradient_direction=&#8221;180deg&#8221; background_color_gradient_direction_radial=&#8221;center&#8221; background_color_gradient_start_position=&#8221;0%&#8221; background_color_gradient_end_position=&#8221;100%&#8221; background_color_gradient_overlays_image=&#8221;off&#8221; parallax=&#8221;off&#8221; parallax_method=&#8221;on&#8221; background_size=&#8221;cover&#8221; background_position=&#8221;center&#8221; background_repeat=&#8221;no-repeat&#8221; background_blend=&#8221;normal&#8221; allow_player_pause=&#8221;off&#8221; background_video_pause_outside_viewport=&#8221;on&#8221; tab_text_shadow_style=&#8221;none&#8221; body_text_shadow_style=&#8221;none&#8221; hover_transition_duration=&#8221;300ms&#8221; hover_transition_delay=&#8221;0ms&#8221; hover_transition_speed_curve=&#8221;ease&#8221; tab_text_shadow_horizontal_length=&#8221;0em&#8221; tab_text_shadow_vertical_length=&#8221;0em&#8221; tab_text_shadow_blur_strength=&#8221;0em&#8221; body_text_shadow_horizontal_length=&#8221;0em&#8221; body_text_shadow_vertical_length=&#8221;0em&#8221; body_text_shadow_blur_strength=&#8221;0em&#8221;] Sean Cho A. &#8211; Abandoned Love Sonnet #4; Kinda Sonnet #4 Dezire\u00e9 a. brown &#8211; yes, the water is still [&hellip;]","og_url":"https:\/\/uwm.edu\/creamcityreview\/47-1-spring-summer-2023\/","og_site_name":"since &#039;75","article_modified_time":"2026-01-08T22:14:18+00:00","twitter_card":"summary_large_image","twitter_misc":{"Est. reading time":"5 minutes"},"schema":{"@context":"https:\/\/schema.org","@graph":[{"@type":"WebPage","@id":"https:\/\/uwm.edu\/creamcityreview\/47-1-spring-summer-2023\/","url":"https:\/\/uwm.edu\/creamcityreview\/47-1-spring-summer-2023\/","name":"47.1 Spring\/Summer 2023 - since &#039;75","isPartOf":{"@id":"https:\/\/uwm.edu\/creamcityreview\/#website"},"datePublished":"2024-02-22T20:22:12+00:00","dateModified":"2026-01-08T22:14:18+00:00","breadcrumb":{"@id":"https:\/\/uwm.edu\/creamcityreview\/47-1-spring-summer-2023\/#breadcrumb"},"inLanguage":"en-US","potentialAction":[{"@type":"ReadAction","target":["https:\/\/uwm.edu\/creamcityreview\/47-1-spring-summer-2023\/"]}]},{"@type":"BreadcrumbList","@id":"https:\/\/uwm.edu\/creamcityreview\/47-1-spring-summer-2023\/#breadcrumb","itemListElement":[{"@type":"ListItem","position":1,"name":"Home","item":"https:\/\/uwm.edu\/creamcityreview\/"},{"@type":"ListItem","position":2,"name":"47.1 Spring\/Summer 2023"}]},{"@type":"WebSite","@id":"https:\/\/uwm.edu\/creamcityreview\/#website","url":"https:\/\/uwm.edu\/creamcityreview\/","name":"since &#039;75","description":"","potentialAction":[{"@type":"SearchAction","target":{"@type":"EntryPoint","urlTemplate":"https:\/\/uwm.edu\/creamcityreview\/?s={search_term_string}"},"query-input":{"@type":"PropertyValueSpecification","valueRequired":true,"valueName":"search_term_string"}}],"inLanguage":"en-US"}]}},"acf":[],"publishpress_future_action":{"enabled":false,"date":"2026-04-11 16:09:18","action":"change-status","newStatus":"draft","terms":[],"taxonomy":"","extraData":[]},"publishpress_future_workflow_manual_trigger":{"enabledWorkflows":[]},"_links":{"self":[{"href":"https:\/\/uwm.edu\/creamcityreview\/wp-json\/wp\/v2\/pages\/5182","targetHints":{"allow":["GET"]}}],"collection":[{"href":"https:\/\/uwm.edu\/creamcityreview\/wp-json\/wp\/v2\/pages"}],"about":[{"href":"https:\/\/uwm.edu\/creamcityreview\/wp-json\/wp\/v2\/types\/page"}],"author":[{"embeddable":true,"href":"https:\/\/uwm.edu\/creamcityreview\/wp-json\/wp\/v2\/users\/37709"}],"replies":[{"embeddable":true,"href":"https:\/\/uwm.edu\/creamcityreview\/wp-json\/wp\/v2\/comments?post=5182"}],"version-history":[{"count":7,"href":"https:\/\/uwm.edu\/creamcityreview\/wp-json\/wp\/v2\/pages\/5182\/revisions"}],"predecessor-version":[{"id":5739,"href":"https:\/\/uwm.edu\/creamcityreview\/wp-json\/wp\/v2\/pages\/5182\/revisions\/5739"}],"wp:attachment":[{"href":"https:\/\/uwm.edu\/creamcityreview\/wp-json\/wp\/v2\/media?parent=5182"}],"curies":[{"name":"wp","href":"https:\/\/api.w.org\/{rel}","templated":true}]}}