
{"id":7439,"date":"2021-05-07T17:59:59","date_gmt":"2021-05-07T22:59:59","guid":{"rendered":"https:\/\/uwm.edu\/clacs\/?page_id=7439"},"modified":"2021-08-18T09:10:26","modified_gmt":"2021-08-18T14:10:26","slug":"latin-american-childrens-book-creators","status":"publish","type":"page","link":"https:\/\/uwm.edu\/clacs\/latin-american-childrens-book-creators\/","title":{"rendered":"Latin American Children&#8217;s Book Creators"},"content":{"rendered":"<p><strong><span style=\"color: #800080\">NOTE:\u00a0 <\/span><\/strong><span style=\"color: #800080\">Full series registrations may be submitted at any time.\u00a0 <\/span><strong><span style=\"color: #800080\">However, to receive the unique Zoom invite for a specific session, your series registration via this website must be submitted by 6pm Central Time (Chicago\/Milwaukee) the day before the session is scheduled. <\/span><\/strong><span style=\"color: #800080\">(Example:\u00a0 To receive the Zoom link for August 24 with <\/span><span style=\"color: #800080\"><strong>Gusti<\/strong>, please submit your series registration by August 23, 6pm Central.)\u00a0<\/span><\/p>\n<p><span style=\"color: #800080\">NOTA: Los registros de la serie completa se pueden enviar en cualquier momento. <strong>Sin embargo, para recibir la invitaci\u00f3n \u00fanica de Zoom para una sesi\u00f3n espec\u00edfica, su registro de la serie a trav\u00e9s de este sitio web debe enviarse antes de las 6 pm hora central (Chicago \/ Milwaukee) el d\u00eda anterior a la programaci\u00f3n de la sesi\u00f3n.<\/strong> (Ejemplo: Para recibir el enlace de Zoom para el 24 de agosto con <strong>Gusti<\/strong>, env\u00ede su registro de la serie antes del 23 de julio a las 6 p.m. hora central.)<\/span><\/p>\n\n","protected":false},"excerpt":{"rendered":"<p>NOTE:\u00a0 Full series registrations may be submitted at any time.\u00a0 However, to receive the unique Zoom invite for a specific session, your series registration via this website must be submitted by 6pm Central Time (Chicago\/Milwaukee) the day before the session &hellip; <span class=\"ls-more-link\"><a href=\"https:\/\/uwm.edu\/clacs\/latin-american-childrens-book-creators\/\"><em>Continue Reading<\/em> &raquo;<\/a><\/span>","protected":false},"author":5351,"featured_media":0,"parent":0,"menu_order":21,"comment_status":"closed","ping_status":"closed","template":"","meta":{"_acf_changed":false,"footnotes":"","uwm_wg_additional_authors":[]},"class_list":["post-7439","page","type-page","status-publish","hentry"],"yoast_head":"<!-- This site is optimized with the Yoast SEO Premium plugin v27.2 (Yoast SEO v27.2) - https:\/\/yoast.com\/product\/yoast-seo-premium-wordpress\/ -->\n<title>Latin American Children&#039;s Book Creators - Center for Latin American &amp; Caribbean Studies<\/title>\n<meta name=\"robots\" content=\"index, follow, max-snippet:-1, max-image-preview:large, max-video-preview:-1\" \/>\n<link rel=\"canonical\" href=\"https:\/\/uwm.edu\/clacs\/latin-american-childrens-book-creators\/\" \/>\n<meta property=\"og:locale\" content=\"en_US\" \/>\n<meta property=\"og:type\" content=\"article\" \/>\n<meta property=\"og:title\" content=\"Latin American Children&#039;s Book Creators\" \/>\n<meta property=\"og:description\" content=\"NOTE:\u00a0 Full series registrations may be submitted at any time.\u00a0 However, to receive the unique Zoom invite for a specific session, your series registration via this website must be submitted by 6pm Central Time (Chicago\/Milwaukee) the day before the session\" \/>\n<meta property=\"og:url\" content=\"https:\/\/uwm.edu\/clacs\/latin-american-childrens-book-creators\/\" \/>\n<meta property=\"og:site_name\" content=\"Center for Latin American &amp; Caribbean Studies\" \/>\n<meta property=\"article:modified_time\" content=\"2021-08-18T14:10:26+00:00\" \/>\n<meta name=\"twitter:card\" content=\"summary_large_image\" \/>\n<meta name=\"twitter:label1\" content=\"Est. reading time\" \/>\n\t<meta name=\"twitter:data1\" content=\"1 minute\" \/>\n<script type=\"application\/ld+json\" class=\"yoast-schema-graph\">{\"@context\":\"https:\/\/schema.org\",\"@graph\":[{\"@type\":\"WebPage\",\"@id\":\"https:\/\/uwm.edu\/clacs\/latin-american-childrens-book-creators\/\",\"url\":\"https:\/\/uwm.edu\/clacs\/latin-american-childrens-book-creators\/\",\"name\":\"Latin American Children's Book Creators - Center for Latin American &amp; Caribbean Studies\",\"isPartOf\":{\"@id\":\"https:\/\/uwm.edu\/clacs\/#website\"},\"datePublished\":\"2021-05-07T22:59:59+00:00\",\"dateModified\":\"2021-08-18T14:10:26+00:00\",\"breadcrumb\":{\"@id\":\"https:\/\/uwm.edu\/clacs\/latin-american-childrens-book-creators\/#breadcrumb\"},\"inLanguage\":\"en-US\",\"potentialAction\":[{\"@type\":\"ReadAction\",\"target\":[\"https:\/\/uwm.edu\/clacs\/latin-american-childrens-book-creators\/\"]}]},{\"@type\":\"BreadcrumbList\",\"@id\":\"https:\/\/uwm.edu\/clacs\/latin-american-childrens-book-creators\/#breadcrumb\",\"itemListElement\":[{\"@type\":\"ListItem\",\"position\":1,\"name\":\"Home\",\"item\":\"https:\/\/uwm.edu\/clacs\/\"},{\"@type\":\"ListItem\",\"position\":2,\"name\":\"Latin American Children&#8217;s Book Creators\"}]},{\"@type\":\"WebSite\",\"@id\":\"https:\/\/uwm.edu\/clacs\/#website\",\"url\":\"https:\/\/uwm.edu\/clacs\/\",\"name\":\"Center for Latin American &amp; Caribbean Studies\",\"description\":\"UW-Milwaukee\",\"potentialAction\":[{\"@type\":\"SearchAction\",\"target\":{\"@type\":\"EntryPoint\",\"urlTemplate\":\"https:\/\/uwm.edu\/clacs\/?s={search_term_string}\"},\"query-input\":{\"@type\":\"PropertyValueSpecification\",\"valueRequired\":true,\"valueName\":\"search_term_string\"}}],\"inLanguage\":\"en-US\"}]}<\/script>\n<!-- \/ Yoast SEO Premium plugin. -->","yoast_head_json":{"title":"Latin American Children's Book Creators - Center for Latin American &amp; Caribbean Studies","robots":{"index":"index","follow":"follow","max-snippet":"max-snippet:-1","max-image-preview":"max-image-preview:large","max-video-preview":"max-video-preview:-1"},"canonical":"https:\/\/uwm.edu\/clacs\/latin-american-childrens-book-creators\/","og_locale":"en_US","og_type":"article","og_title":"Latin American Children's Book Creators","og_description":"NOTE:\u00a0 Full series registrations may be submitted at any time.\u00a0 However, to receive the unique Zoom invite for a specific session, your series registration via this website must be submitted by 6pm Central Time (Chicago\/Milwaukee) the day before the session","og_url":"https:\/\/uwm.edu\/clacs\/latin-american-childrens-book-creators\/","og_site_name":"Center for Latin American &amp; Caribbean Studies","article_modified_time":"2021-08-18T14:10:26+00:00","twitter_card":"summary_large_image","twitter_misc":{"Est. reading time":"1 minute"},"schema":{"@context":"https:\/\/schema.org","@graph":[{"@type":"WebPage","@id":"https:\/\/uwm.edu\/clacs\/latin-american-childrens-book-creators\/","url":"https:\/\/uwm.edu\/clacs\/latin-american-childrens-book-creators\/","name":"Latin American Children's Book Creators - Center for Latin American &amp; Caribbean Studies","isPartOf":{"@id":"https:\/\/uwm.edu\/clacs\/#website"},"datePublished":"2021-05-07T22:59:59+00:00","dateModified":"2021-08-18T14:10:26+00:00","breadcrumb":{"@id":"https:\/\/uwm.edu\/clacs\/latin-american-childrens-book-creators\/#breadcrumb"},"inLanguage":"en-US","potentialAction":[{"@type":"ReadAction","target":["https:\/\/uwm.edu\/clacs\/latin-american-childrens-book-creators\/"]}]},{"@type":"BreadcrumbList","@id":"https:\/\/uwm.edu\/clacs\/latin-american-childrens-book-creators\/#breadcrumb","itemListElement":[{"@type":"ListItem","position":1,"name":"Home","item":"https:\/\/uwm.edu\/clacs\/"},{"@type":"ListItem","position":2,"name":"Latin American Children&#8217;s Book Creators"}]},{"@type":"WebSite","@id":"https:\/\/uwm.edu\/clacs\/#website","url":"https:\/\/uwm.edu\/clacs\/","name":"Center for Latin American &amp; Caribbean Studies","description":"UW-Milwaukee","potentialAction":[{"@type":"SearchAction","target":{"@type":"EntryPoint","urlTemplate":"https:\/\/uwm.edu\/clacs\/?s={search_term_string}"},"query-input":{"@type":"PropertyValueSpecification","valueRequired":true,"valueName":"search_term_string"}}],"inLanguage":"en-US"}]}},"acf":[],"publishpress_future_action":{"enabled":false,"date":"2026-04-11 17:28:50","action":"change-status","newStatus":"draft","terms":[],"taxonomy":"","extraData":[]},"publishpress_future_workflow_manual_trigger":{"enabledWorkflows":[]},"_links":{"self":[{"href":"https:\/\/uwm.edu\/clacs\/wp-json\/wp\/v2\/pages\/7439","targetHints":{"allow":["GET"]}}],"collection":[{"href":"https:\/\/uwm.edu\/clacs\/wp-json\/wp\/v2\/pages"}],"about":[{"href":"https:\/\/uwm.edu\/clacs\/wp-json\/wp\/v2\/types\/page"}],"author":[{"embeddable":true,"href":"https:\/\/uwm.edu\/clacs\/wp-json\/wp\/v2\/users\/5351"}],"replies":[{"embeddable":true,"href":"https:\/\/uwm.edu\/clacs\/wp-json\/wp\/v2\/comments?post=7439"}],"version-history":[{"count":7,"href":"https:\/\/uwm.edu\/clacs\/wp-json\/wp\/v2\/pages\/7439\/revisions"}],"predecessor-version":[{"id":7751,"href":"https:\/\/uwm.edu\/clacs\/wp-json\/wp\/v2\/pages\/7439\/revisions\/7751"}],"wp:attachment":[{"href":"https:\/\/uwm.edu\/clacs\/wp-json\/wp\/v2\/media?parent=7439"}],"curies":[{"name":"wp","href":"https:\/\/api.w.org\/{rel}","templated":true}]}}