
{"id":7392,"date":"2021-04-16T10:45:20","date_gmt":"2021-04-16T15:45:20","guid":{"rendered":"https:\/\/uwm.edu\/clacs\/?page_id=7392"},"modified":"2022-02-18T12:35:19","modified_gmt":"2022-02-18T18:35:19","slug":"2021-nccla-conference-links","status":"publish","type":"page","link":"https:\/\/uwm.edu\/clacs\/public-engagement\/nccla\/2021-nccla-conference-links\/","title":{"rendered":"2021 NCCLA Annual Conference (with links)"},"content":{"rendered":"<p>53rd Annual NCCLA Conference<\/p>\n<p>April 18-19, 2021 (Fully Remote)<\/p>\n<p><strong>Racism, Pandemics, and Other Struggles for Latinx and Latin America<\/strong><\/p>\n<p><strong>Conference Schedule<\/strong><\/p>\n<p>Please note that all scheduled times are Central Time.<\/p>\n<p>(updated 4\/15\/21)<\/p>\n<h4><strong><em>Sunday, April 18th\u00a0\u00a0 <\/em><\/strong><\/h4>\n<p><strong>11:45am<\/strong><\/p>\n<p>Welcome and Introductory Remarks from the Presidents of the North Central Council of Latin Americanists<\/p>\n<p style=\"padding-left: 40px\">Elia Armacanqui-Tipacti (Emerita, UW-Stevens Point), Co- President<br \/>\nPedro dos Santos (College of St. Benedict\/St. John\u2019s University), Co- President<br \/>\nMargaret Crosby (Alverno College), President Elect<br \/>\n<a href=\"https:\/\/uwm-edu.zoom.us\/j\/87387318388?pwd=ZmIxamFuV2R4cHBiY3A5UjdEY01yQT09\">https:\/\/uwm-edu.zoom.us\/j\/87387318388?pwd=ZmIxamFuV2R4cHBiY3A5UjdEY01yQT09<\/a><\/p>\n<p>&nbsp;<\/p>\n<p><strong>12:00-1:30pm<\/strong><\/p>\n<p>Panel 1A\u00a0\u00a0\u00a0\u00a0\u00a0\u00a0\u00a0\u00a0 Human Rights in the Era of Covid \u2013 moderator Nina Ortiz (University of Minnesota Morris)<\/p>\n<ul>\n<li>Megan Strom (University of Wisconsin La Crosse) Covid-19 in immigrant detention centers: Conflicting reports by ICE vs English- and Spanish language media<\/li>\n<li>Robert G. Barnes (Virginia Tech) The Death of Vanessa Guill\u00e9n in the Context of Latino Migration and COVID-19<\/li>\n<\/ul>\n<p style=\"padding-left: 40px\"><a href=\"https:\/\/uwm-edu.zoom.us\/j\/87962725549?pwd=K2xlTFZtVDRaZElXT0FoQkxlOGZ2Zz09\">https:\/\/uwm-edu.zoom.us\/j\/87962725549?pwd=K2xlTFZtVDRaZElXT0FoQkxlOGZ2Zz09<\/a><\/p>\n<p>&nbsp;<\/p>\n<p><strong>12:00-1:30pm<\/strong><\/p>\n<p>Panel 1B\u00a0\u00a0\u00a0\u00a0\u00a0\u00a0\u00a0\u00a0 Historical and Current Complexities in Mexico and the U.S. \u2013 moderator Margaret Crosby (Alverno College)<\/p>\n<ul>\n<li>Bill Katra (independent scholar) Mexico&#8217;s &#8216;Golden Age&#8217;: The First Thirty Years After the Conquest<\/li>\n<li>Marta Mart\u00ednez (independent scholar) C-Virus Days and Western Wisconsin&#8217;s Immigration Task Force<\/li>\n<li>Ken Alexander and Melina Lozano (Madison College, Madison Metropolitan School District, Voces de la Frontera) The Unacceptable Mental Health and Educational Services for the Separated Migrant Children<\/li>\n<\/ul>\n<p style=\"padding-left: 40px\"><a href=\"https:\/\/uwm-edu.zoom.us\/j\/85247200153?pwd=SEVzbUVZaW1uWTUwOWR1dVlvditaZz09\">https:\/\/uwm-edu.zoom.us\/j\/85247200153?pwd=SEVzbUVZaW1uWTUwOWR1dVlvditaZz09<\/a><\/p>\n<p>&nbsp;<\/p>\n<p><strong>1:45-3:45pm<\/strong><\/p>\n<p>Plenary on Teaching and Learning in Turbulent Times \u2013 moderator Roy Ketchum (CSBSJU)<\/p>\n<ul>\n<li>Elia J. Armacanqui-Tipacti (University of Wisconsin Stevens Point) Covid-19 y la oportunidad de crecimiento intelectual en el Per\u00fa y el mundo<\/li>\n<li>Bertha O Saavedra Silva (Universidad Nacional San Luis Gonzaga de Ica, UNICA) Virtual resilience for learning achievement in a pandemic context in multigrade educational institutions in a rural environment on the coast of Peru<\/li>\n<li>Stacy Hoult-Saros (Valparaiso University) \u201cWake Up U.S. America!\u201d: Teaching Latinx Poetry in Times of Crisis<\/li>\n<li>Manuel Fern\u00e1ndez (University of Wisconsin Eau Claire) and Miranda Fern\u00e1ndez (Capella University) Jos\u00e9 Mart\u00ed on Race and Immigration for the Spanish Language Classroom<\/li>\n<li>Elena S\u00e1nchez Mora (CSBSJU) A study abroad approach to the October 2019-March 2020 \u201cEstallido social\u201d in Chile<\/li>\n<\/ul>\n<p style=\"padding-left: 40px\"><a href=\"https:\/\/uwm-edu.zoom.us\/j\/85700591319?pwd=R0lxYmkzcXVLNy9xOHdnQ0h4NXdGdz09\">https:\/\/uwm-edu.zoom.us\/j\/85700591319?pwd=R0lxYmkzcXVLNy9xOHdnQ0h4NXdGdz09<\/a><\/p>\n<p>&nbsp;<\/p>\n<p><strong>4:00 \u2013 5:30pm<\/strong> Keynote \u2013 moderator Pedro dos Santos (CSBSJU)<\/p>\n<p>Afro-descendants, Crises, and Resistance in Latin America<\/p>\n<p>Dr. Gladys Mitchell-Walthour (US Network for Democracy in Brazil and University of Wisconsin Milwaukee)<\/p>\n<p><a href=\"https:\/\/csbsju.zoom.us\/j\/93173593121\">https:\/\/csbsju.zoom.us\/j\/93173593121<\/a><\/p>\n<p>&nbsp;<\/p>\n<h4><strong><em>Monday, April 19<sup>th<\/sup> <\/em><\/strong><\/h4>\n<p><strong>8:30 \u2013 10:00am<\/strong><\/p>\n<p>Panel 3A\u00a0\u00a0\u00a0\u00a0\u00a0\u00a0\u00a0\u00a0 Through the Lens of Literature, part 1 \u2013 moderator Elia Armacanqui (University of Wisconsin Stevens Point)<\/p>\n<ul>\n<li>Christian Doig (University of Wisconsin Milwaukee) Las ilusiones del fracaso en \u201cEl profesor suplente\u201d y \u201cUna aventura nocturna\u201d de Julio Ram\u00f3n Ribeyro<\/li>\n<li>Germ\u00e1n D. Carrillo (Marquette University) Juan Gabriel V\u00e1squez: A prop\u00f3sito de Canciones para el incendio<\/li>\n<\/ul>\n<p style=\"padding-left: 40px\"><a href=\"https:\/\/uwm-edu.zoom.us\/j\/86177428945?pwd=OXZSUmRpSGdZVExGL2s2TEtyTjRvQT09\">https:\/\/uwm-edu.zoom.us\/j\/86177428945?pwd=OXZSUmRpSGdZVExGL2s2TEtyTjRvQT09<\/a><\/p>\n<p>&nbsp;<\/p>\n<p><strong>8:30 \u2013 10:00am<\/strong><\/p>\n<p>Panel 3B\u00a0\u00a0\u00a0\u00a0\u00a0\u00a0\u00a0\u00a0 Discrimination in the classroom: Latinx students\u2019 academic struggles escalate during the pandemic \u2013 moderator Martina Talic (St John\u2019s Prep)<\/p>\n<ul>\n<li>Martina Talic, Ashlee Delre, Xinyi Jiang, Sophie Hwang, Margeaux Wenner, Valeriya Woodard, Layna Wilson-Sather, Sylvia Johnson, Cambel Shepherd (St John\u2019s Prep) Discrimination in the classroom: Latinx students\u2019 academic struggles escalate during the pandemic<\/li>\n<\/ul>\n<p style=\"padding-left: 40px\"><a href=\"https:\/\/uwm-edu.zoom.us\/j\/87522594178?pwd=b0VOZ2s3RUswVE1xeVp1QitZT3V0dz09\">https:\/\/uwm-edu.zoom.us\/j\/87522594178?pwd=b0VOZ2s3RUswVE1xeVp1QitZT3V0dz09<\/a><\/p>\n<p>&nbsp;<\/p>\n<p><strong>10:15 \u2013 11:45am<\/strong><\/p>\n<p>Panel 4A\u00a0\u00a0\u00a0\u00a0\u00a0\u00a0\u00a0\u00a0 Through the Lens of Literature, part 2 \u2013 moderator Eleonora Bertranou (CSBSJU)<\/p>\n<ul>\n<li>Nancy Gates Madsen (Luther College) and Mackenzie Zenk (Luther College) Destabilizing the Binary Rhetoric of Migration in Yuri Herrera\u2019s Se\u00f1ales que preceder\u00e1n el fin del mundo (Signs Preceding the End of the World)<\/li>\n<li>C\u00e9sar Ferreira (University of Wisconsin Milwaukee) Poder y verdad hist\u00f3rica en Tiempos recios de Mario Vargas Llosa<\/li>\n<li>Gustavo C. Fares (Lawrence University) Borges, el primer Q<\/li>\n<\/ul>\n<p style=\"padding-left: 40px\"><a href=\"https:\/\/uwm-edu.zoom.us\/j\/87505593414?pwd=TEJDVnA2QUVrYi91Q3NWYzRpM3RqZz09\">https:\/\/uwm-edu.zoom.us\/j\/87505593414?pwd=TEJDVnA2QUVrYi91Q3NWYzRpM3RqZz09<\/a><\/p>\n<p>&nbsp;<\/p>\n<p><strong>10:15 \u2013 11:45am<\/strong><\/p>\n<p>Panel 4B\u00a0\u00a0\u00a0\u00a0\u00a0\u00a0\u00a0\u00a0 Migration in South America \u2013 moderator Kelly Bauer (Nebraska Wesleyan University)<\/p>\n<ul>\n<li>Cristi\u00e1n Do\u00f1a-Reveco (University of Nebraska Omaha) Attitudes toward Venezuelan immigration in four Receiving Countries. A Comparative Analysis.<\/li>\n<li>Willow Fortunoff (Macalester College) The Power to Define a People: Race in Argentine Immigration Discourse<\/li>\n<li>Megan Sheehan (CSBSJU) Marking Time: Memory and Transnational Affect among Venezuelan Migrants in Chile<\/li>\n<\/ul>\n<p style=\"padding-left: 40px\"><a href=\"https:\/\/uwm-edu.zoom.us\/j\/87899158861?pwd=QXd5Tno1OWNSV2UzMzJPNUtvVEZNZz09\">https:\/\/uwm-edu.zoom.us\/j\/87899158861?pwd=QXd5Tno1OWNSV2UzMzJPNUtvVEZNZz09<\/a><\/p>\n<p>&nbsp;<\/p>\n<p><strong>1:00 \u2013 2:30pm<\/strong><\/p>\n<p>Panel 5A\u00a0\u00a0\u00a0\u00a0\u00a0\u00a0\u00a0\u00a0 Political Changes and Resistance \u2013 moderator Colin Hannigan (CSBSJU)<\/p>\n<ul>\n<li>Paul Dosh (Macalester College) Tactical Adaptation from the Left: How Pink Tide Presidents Stall Movement Innovation<\/li>\n<li>Kelly Bauer (Nebraska Wesleyan University) Elite rhetoric about reserved seats for Indigenous communities in Chile\u2019s Constitutional Convention<\/li>\n<\/ul>\n<p style=\"padding-left: 40px\"><a href=\"https:\/\/uwm-edu.zoom.us\/j\/89124023358?pwd=WEhaYnZBSGNuT0JvS1R3RVJrUUJPZz09\">https:\/\/uwm-edu.zoom.us\/j\/89124023358?pwd=WEhaYnZBSGNuT0JvS1R3RVJrUUJPZz09<\/a><\/p>\n<p>&nbsp;<\/p>\n<p><strong>1:00 \u2013 2:30pm<\/strong><\/p>\n<p>Panel 5B\u00a0\u00a0\u00a0\u00a0\u00a0\u00a0\u00a0\u00a0 Migration, Borders, and National Identity \u2013 moderator Brian Larkin (CSBSJU)<\/p>\n<ul>\n<li>Maxwell Kivi (University of Minnesota Morris) Closing America\u2019s Gates: A History of the U.S.-Mexican Border<\/li>\n<li>Kent Weber (Dartmouth College) Circulating Nation, Race, and Health in Empire: Chinese Exclusion in Cuba and Hawai\u2018i<\/li>\n<li>Benjamin Narvaez (University of Minnesota Morris) Constructing Costa Rican Whiteness: Chinese Exclusion and National Identity Formation<\/li>\n<\/ul>\n<p style=\"padding-left: 40px\"><a href=\"https:\/\/uwm-edu.zoom.us\/j\/82944087346?pwd=NkRZalBUUWswTnJYM2JVR0s2aDN3Zz09\">https:\/\/uwm-edu.zoom.us\/j\/82944087346?pwd=NkRZalBUUWswTnJYM2JVR0s2aDN3Zz09<\/a><\/p>\n<p>&nbsp;<\/p>\n<p><strong>2:45 \u2013 4:15pm<\/strong><\/p>\n<p>Panel 6A\u00a0\u00a0\u00a0\u00a0\u00a0\u00a0\u00a0\u00a0 Land, Extraction, and Indigenous Rights &#8211; moderator Corey Shouse (CSBSJU)<\/p>\n<ul>\n<li>Yennesit Palacios Valencia, Heryi Carolina Garz\u00f3n Rivera, and Naybet Yepes Zapata (Semillero de Investigaci\u00f3n en Derechos Humanos, G\u00e9nero y Multiculturalismo, en el Grupo de Investigaci\u00f3n Jur\u00eddico Social) Mineria ilegal y degredacion ambiental: Un estudio en defensa del territorio etnico ancestral desde la sentencia T-622\/2016 de la Corte Constitucional<\/li>\n<li>Wei Fen Rachel Tan (Macalester College) Sin territorio no hay ind\u00edgena: Conflicting Territorial Discourses within Peru\u2019s Amazonian Indigenous Movement<\/li>\n<\/ul>\n<p style=\"padding-left: 40px\"><a href=\"https:\/\/uwm-edu.zoom.us\/j\/83965675574?pwd=Tk9SYVBSTmpUUVRsV2hDRVkzMnJtUT09\">https:\/\/uwm-edu.zoom.us\/j\/83965675574?pwd=Tk9SYVBSTmpUUVRsV2hDRVkzMnJtUT09<\/a><\/p>\n<p>&nbsp;<\/p>\n<p><strong>2:45 \u2013 4:15pm<\/strong><\/p>\n<p>Panel 6B\u00a0\u00a0\u00a0\u00a0\u00a0\u00a0\u00a0\u00a0 News from the Grassroots: Favela Residents in Rio de Janeiro and RioOnWatch \u2013 moderator Mariano Magalhaes (Augustana College)<\/p>\n<ul>\n<li>Mariano Magalhaes (Augustana College) Introduction to News from the Grassroots: Favela Residents in Rio de Janeiro and RioOnWatch<\/li>\n<li>Michelle Martinez (Augustana College) Housing<\/li>\n<li>Giselle Barajas (Augustana College) Education<\/li>\n<li>Rylie Schurter (Augustana College) Health<\/li>\n<li>Taylor VanLanduyt (Augustana College) Health<\/li>\n<\/ul>\n<p style=\"padding-left: 40px\"><a href=\"https:\/\/uwm-edu.zoom.us\/j\/87596330643?pwd=T3FUSlVSdXFGRFd5OG9NMnBPdWRKUT09\">https:\/\/uwm-edu.zoom.us\/j\/87596330643?pwd=T3FUSlVSdXFGRFd5OG9NMnBPdWRKUT09<\/a><\/p>\n<p>&nbsp;<\/p>\n<p><strong>4:30 \u2013 6:00pm<\/strong><\/p>\n<p>Panel 7A\u00a0\u00a0\u00a0\u00a0\u00a0\u00a0\u00a0\u00a0 Regional Responses to Covid \u2013 moderator Margaret Crosby (Alverno College)<\/p>\n<ul>\n<li>Elena M. De Costa, PhD (Carroll University) Cuba\u2019s Medical Internationalism: Responding to a Global Pandemic in an Island Nation and Beyond<\/li>\n<li>Samuel Armcanqui Use of Ancestral Natural Components and Procedures to prevent worsening of Covid-19 when used at early stages<\/li>\n<\/ul>\n<p style=\"padding-left: 40px\"><a href=\"https:\/\/uwm-edu.zoom.us\/j\/81400211905?pwd=SUN3YU9DQTVqc0xydFZIaDFicVRTUT09\">https:\/\/uwm-edu.zoom.us\/j\/81400211905?pwd=SUN3YU9DQTVqc0xydFZIaDFicVRTUT09<\/a><\/p>\n<p>&nbsp;<\/p>\n<p><strong>4:30 \u2013 6:00pm<\/strong><\/p>\n<p>Panel 7B\u00a0\u00a0\u00a0\u00a0\u00a0\u00a0\u00a0\u00a0 Current Affairs in Brazil \u2013 moderator Pedro dos Santos (CSBSJU)<\/p>\n<ul>\n<li>Noemi Salas-Rivera, Belen Dominguez, Brigid Smith, Brianna Kreft, and Lizbet Martinez-Port (CSBSJU) Dilma Rousseff and the Gendered Double Bind in Brazil<\/li>\n<li>Samuel Zaratim (Secretaria Municipal de Educa\u00e7\u00e3o de Goi\u00e2nia-Goi\u00e1s\/Brazil) A inclus\u00e3o digital e os educandos da EJA em tempos de pandemia no Brasil<\/li>\n<li>Samuel Zaratim (Secretaria Municipal de Educa\u00e7\u00e3o de Goi\u00e2nia-Goi\u00e1s\/Brazil) Formas de Express\u00f5es culturais no Brasil e a pandemia: o caso das quadrilhas juninas<\/li>\n<\/ul>\n<p style=\"padding-left: 40px\"><a href=\"https:\/\/uwm-edu.zoom.us\/j\/81412457305?pwd=OFJHakRzdkYwWXhITzZHajJvaUxHQT09\">https:\/\/uwm-edu.zoom.us\/j\/81412457305?pwd=OFJHakRzdkYwWXhITzZHajJvaUxHQT09<\/a><\/p>\n<p>&nbsp;<\/p>\n<p><strong>7:00 \u2013 8:30pm <\/strong>Plenary on Art and Activism \u2013 moderator Bruce Campbell (CSBSJU)<\/p>\n<ul>\n<li>Julia Clark, Ashley Ortizcazar\u00edn, and Morgan Gerhardt (CSBSJU) Human Rights and Respect for All People: A Student Mural Project<\/li>\n<li>Muha Bazila (University of Brasilia) A conversation About Art and Race<\/li>\n<li>Ashley Toledano-Solis (CSBSJU) Latinx Students Respond to George Floyd and BLM<\/li>\n<\/ul>\n<p style=\"padding-left: 40px\"><a href=\"https:\/\/csbsju.zoom.us\/j\/95287072181\">https:\/\/csbsju.zoom.us\/j\/95287072181<\/a><\/p>\n","protected":false},"excerpt":{"rendered":"<p>53rd Annual NCCLA Conference April 18-19, 2021 (Fully Remote) Racism, Pandemics, and Other Struggles for Latinx and Latin America Conference Schedule Please note that all scheduled times are Central Time. (updated 4\/15\/21) Sunday, April 18th\u00a0\u00a0 11:45am Welcome and Introductory Remarks &hellip; <span class=\"ls-more-link\"><a href=\"https:\/\/uwm.edu\/clacs\/public-engagement\/nccla\/2021-nccla-conference-links\/\"><em>Continue Reading<\/em> &raquo;<\/a><\/span>","protected":false},"author":5351,"featured_media":0,"parent":352,"menu_order":1,"comment_status":"closed","ping_status":"closed","template":"","meta":{"_acf_changed":false,"footnotes":"","uwm_wg_additional_authors":[]},"class_list":["post-7392","page","type-page","status-publish","hentry"],"yoast_head":"<!-- This site is optimized with the Yoast SEO Premium plugin v27.3 (Yoast SEO v27.3) - https:\/\/yoast.com\/product\/yoast-seo-premium-wordpress\/ -->\n<title>2021 NCCLA Annual Conference (with links) - Center for Latin American &amp; Caribbean Studies<\/title>\n<meta name=\"robots\" content=\"index, follow, max-snippet:-1, max-image-preview:large, max-video-preview:-1\" \/>\n<link rel=\"canonical\" href=\"https:\/\/uwm.edu\/clacs\/public-engagement\/nccla\/2021-nccla-conference-links\/\" \/>\n<meta property=\"og:locale\" content=\"en_US\" \/>\n<meta property=\"og:type\" content=\"article\" \/>\n<meta property=\"og:title\" content=\"2021 NCCLA Annual Conference (with links)\" \/>\n<meta property=\"og:description\" content=\"53rd Annual NCCLA Conference April 18-19, 2021 (Fully Remote) Racism, Pandemics, and Other Struggles for Latinx and Latin America Conference Schedule Please note that all scheduled times are Central Time. (updated 4\/15\/21) Sunday, April 18th\u00a0\u00a0 11:45am Welcome and Introductory Remarks\" \/>\n<meta property=\"og:url\" content=\"https:\/\/uwm.edu\/clacs\/public-engagement\/nccla\/2021-nccla-conference-links\/\" \/>\n<meta property=\"og:site_name\" content=\"Center for Latin American &amp; Caribbean Studies\" \/>\n<meta property=\"article:modified_time\" content=\"2022-02-18T18:35:19+00:00\" \/>\n<meta name=\"twitter:card\" content=\"summary_large_image\" \/>\n<meta name=\"twitter:label1\" content=\"Est. reading time\" \/>\n\t<meta name=\"twitter:data1\" content=\"6 minutes\" \/>\n<script type=\"application\/ld+json\" class=\"yoast-schema-graph\">{\"@context\":\"https:\\\/\\\/schema.org\",\"@graph\":[{\"@type\":\"WebPage\",\"@id\":\"https:\\\/\\\/uwm.edu\\\/clacs\\\/public-engagement\\\/nccla\\\/2021-nccla-conference-links\\\/\",\"url\":\"https:\\\/\\\/uwm.edu\\\/clacs\\\/public-engagement\\\/nccla\\\/2021-nccla-conference-links\\\/\",\"name\":\"2021 NCCLA Annual Conference (with links) - Center for Latin American &amp; Caribbean Studies\",\"isPartOf\":{\"@id\":\"https:\\\/\\\/uwm.edu\\\/clacs\\\/#website\"},\"datePublished\":\"2021-04-16T15:45:20+00:00\",\"dateModified\":\"2022-02-18T18:35:19+00:00\",\"breadcrumb\":{\"@id\":\"https:\\\/\\\/uwm.edu\\\/clacs\\\/public-engagement\\\/nccla\\\/2021-nccla-conference-links\\\/#breadcrumb\"},\"inLanguage\":\"en-US\",\"potentialAction\":[{\"@type\":\"ReadAction\",\"target\":[\"https:\\\/\\\/uwm.edu\\\/clacs\\\/public-engagement\\\/nccla\\\/2021-nccla-conference-links\\\/\"]}]},{\"@type\":\"BreadcrumbList\",\"@id\":\"https:\\\/\\\/uwm.edu\\\/clacs\\\/public-engagement\\\/nccla\\\/2021-nccla-conference-links\\\/#breadcrumb\",\"itemListElement\":[{\"@type\":\"ListItem\",\"position\":1,\"name\":\"Home\",\"item\":\"https:\\\/\\\/uwm.edu\\\/clacs\\\/\"},{\"@type\":\"ListItem\",\"position\":2,\"name\":\"Public Engagement\",\"item\":\"https:\\\/\\\/uwm.edu\\\/clacs\\\/public-engagement\\\/\"},{\"@type\":\"ListItem\",\"position\":3,\"name\":\"North Central Council of Latin Americanists\",\"item\":\"https:\\\/\\\/uwm.edu\\\/clacs\\\/public-engagement\\\/nccla\\\/\"},{\"@type\":\"ListItem\",\"position\":4,\"name\":\"2021 NCCLA Annual Conference (with links)\"}]},{\"@type\":\"WebSite\",\"@id\":\"https:\\\/\\\/uwm.edu\\\/clacs\\\/#website\",\"url\":\"https:\\\/\\\/uwm.edu\\\/clacs\\\/\",\"name\":\"Center for Latin American &amp; Caribbean Studies\",\"description\":\"UW-Milwaukee\",\"potentialAction\":[{\"@type\":\"SearchAction\",\"target\":{\"@type\":\"EntryPoint\",\"urlTemplate\":\"https:\\\/\\\/uwm.edu\\\/clacs\\\/?s={search_term_string}\"},\"query-input\":{\"@type\":\"PropertyValueSpecification\",\"valueRequired\":true,\"valueName\":\"search_term_string\"}}],\"inLanguage\":\"en-US\"}]}<\/script>\n<!-- \/ Yoast SEO Premium plugin. -->","yoast_head_json":{"title":"2021 NCCLA Annual Conference (with links) - Center for Latin American &amp; Caribbean Studies","robots":{"index":"index","follow":"follow","max-snippet":"max-snippet:-1","max-image-preview":"max-image-preview:large","max-video-preview":"max-video-preview:-1"},"canonical":"https:\/\/uwm.edu\/clacs\/public-engagement\/nccla\/2021-nccla-conference-links\/","og_locale":"en_US","og_type":"article","og_title":"2021 NCCLA Annual Conference (with links)","og_description":"53rd Annual NCCLA Conference April 18-19, 2021 (Fully Remote) Racism, Pandemics, and Other Struggles for Latinx and Latin America Conference Schedule Please note that all scheduled times are Central Time. (updated 4\/15\/21) Sunday, April 18th\u00a0\u00a0 11:45am Welcome and Introductory Remarks","og_url":"https:\/\/uwm.edu\/clacs\/public-engagement\/nccla\/2021-nccla-conference-links\/","og_site_name":"Center for Latin American &amp; Caribbean Studies","article_modified_time":"2022-02-18T18:35:19+00:00","twitter_card":"summary_large_image","twitter_misc":{"Est. reading time":"6 minutes"},"schema":{"@context":"https:\/\/schema.org","@graph":[{"@type":"WebPage","@id":"https:\/\/uwm.edu\/clacs\/public-engagement\/nccla\/2021-nccla-conference-links\/","url":"https:\/\/uwm.edu\/clacs\/public-engagement\/nccla\/2021-nccla-conference-links\/","name":"2021 NCCLA Annual Conference (with links) - Center for Latin American &amp; Caribbean Studies","isPartOf":{"@id":"https:\/\/uwm.edu\/clacs\/#website"},"datePublished":"2021-04-16T15:45:20+00:00","dateModified":"2022-02-18T18:35:19+00:00","breadcrumb":{"@id":"https:\/\/uwm.edu\/clacs\/public-engagement\/nccla\/2021-nccla-conference-links\/#breadcrumb"},"inLanguage":"en-US","potentialAction":[{"@type":"ReadAction","target":["https:\/\/uwm.edu\/clacs\/public-engagement\/nccla\/2021-nccla-conference-links\/"]}]},{"@type":"BreadcrumbList","@id":"https:\/\/uwm.edu\/clacs\/public-engagement\/nccla\/2021-nccla-conference-links\/#breadcrumb","itemListElement":[{"@type":"ListItem","position":1,"name":"Home","item":"https:\/\/uwm.edu\/clacs\/"},{"@type":"ListItem","position":2,"name":"Public Engagement","item":"https:\/\/uwm.edu\/clacs\/public-engagement\/"},{"@type":"ListItem","position":3,"name":"North Central Council of Latin Americanists","item":"https:\/\/uwm.edu\/clacs\/public-engagement\/nccla\/"},{"@type":"ListItem","position":4,"name":"2021 NCCLA Annual Conference (with links)"}]},{"@type":"WebSite","@id":"https:\/\/uwm.edu\/clacs\/#website","url":"https:\/\/uwm.edu\/clacs\/","name":"Center for Latin American &amp; Caribbean Studies","description":"UW-Milwaukee","potentialAction":[{"@type":"SearchAction","target":{"@type":"EntryPoint","urlTemplate":"https:\/\/uwm.edu\/clacs\/?s={search_term_string}"},"query-input":{"@type":"PropertyValueSpecification","valueRequired":true,"valueName":"search_term_string"}}],"inLanguage":"en-US"}]}},"acf":[],"publishpress_future_action":{"enabled":false,"date":"2026-04-19 21:37:22","action":"change-status","newStatus":"draft","terms":[],"taxonomy":"","extraData":[]},"publishpress_future_workflow_manual_trigger":{"enabledWorkflows":[]},"_links":{"self":[{"href":"https:\/\/uwm.edu\/clacs\/wp-json\/wp\/v2\/pages\/7392","targetHints":{"allow":["GET"]}}],"collection":[{"href":"https:\/\/uwm.edu\/clacs\/wp-json\/wp\/v2\/pages"}],"about":[{"href":"https:\/\/uwm.edu\/clacs\/wp-json\/wp\/v2\/types\/page"}],"author":[{"embeddable":true,"href":"https:\/\/uwm.edu\/clacs\/wp-json\/wp\/v2\/users\/5351"}],"replies":[{"embeddable":true,"href":"https:\/\/uwm.edu\/clacs\/wp-json\/wp\/v2\/comments?post=7392"}],"version-history":[{"count":10,"href":"https:\/\/uwm.edu\/clacs\/wp-json\/wp\/v2\/pages\/7392\/revisions"}],"predecessor-version":[{"id":7402,"href":"https:\/\/uwm.edu\/clacs\/wp-json\/wp\/v2\/pages\/7392\/revisions\/7402"}],"up":[{"embeddable":true,"href":"https:\/\/uwm.edu\/clacs\/wp-json\/wp\/v2\/pages\/352"}],"wp:attachment":[{"href":"https:\/\/uwm.edu\/clacs\/wp-json\/wp\/v2\/media?parent=7392"}],"curies":[{"name":"wp","href":"https:\/\/api.w.org\/{rel}","templated":true}]}}